{"id":1521,"date":"2020-07-09T10:00:51","date_gmt":"2020-07-09T08:00:51","guid":{"rendered":"https:\/\/coucoucake.com\/?page_id=1521"},"modified":"2025-07-03T09:07:39","modified_gmt":"2025-07-03T07:07:39","slug":"home","status":"publish","type":"page","link":"https:\/\/coucoucake.com\/de\/","title":{"rendered":"Home"},"content":{"rendered":"\n<div style=\"height:19px\" aria-hidden=\"true\" class=\"wp-block-spacer\"><\/div>\n\n\n\n<h2 class=\"wp-block-heading has-text-align-center\">Willkommen bei coucoucake!<\/h2>\n\n\n\n<p class=\"has-text-align-center wp-block-paragraph\">Ich helfe leidenschaftlichen B\u00e4cker:innen besondere und leckere Torten zu backen, mit meinen Rezepten und meiner Online Tortenakademie, in denen ich Grundlagen, praktische Anleitungen und Methoden f\u00fcr nachhaltiges Backwissen vermittle, damit jede Torte gelingt!<\/p>\n\n\n\n<div class=\"wp-block-media-text alignwide is-stacked-on-mobile\"><figure class=\"wp-block-media-text__media\"><a href=\"https:\/\/coucoucake.com\/de\/online-tortenakademie\/\"><img data-recalc-dims=\"1\" loading=\"lazy\" decoding=\"async\" width=\"640\" height=\"640\" src=\"https:\/\/i0.wp.com\/coucoucake.com\/wp-content\/uploads\/2024\/12\/OTA-square-Dez-2024.png?resize=640%2C640&#038;ssl=1\" alt=\"OTA square Dez 2024\" class=\"wp-image-12244 size-full\" srcset=\"https:\/\/i0.wp.com\/coucoucake.com\/wp-content\/uploads\/2024\/12\/OTA-square-Dez-2024.png?w=640&amp;ssl=1 640w, https:\/\/i0.wp.com\/coucoucake.com\/wp-content\/uploads\/2024\/12\/OTA-square-Dez-2024.png?resize=300%2C300&amp;ssl=1 300w, https:\/\/i0.wp.com\/coucoucake.com\/wp-content\/uploads\/2024\/12\/OTA-square-Dez-2024.png?resize=150%2C150&amp;ssl=1 150w, https:\/\/i0.wp.com\/coucoucake.com\/wp-content\/uploads\/2024\/12\/OTA-square-Dez-2024.png?resize=530%2C530&amp;ssl=1 530w, https:\/\/i0.wp.com\/coucoucake.com\/wp-content\/uploads\/2024\/12\/OTA-square-Dez-2024.png?resize=500%2C500&amp;ssl=1 500w, https:\/\/i0.wp.com\/coucoucake.com\/wp-content\/uploads\/2024\/12\/OTA-square-Dez-2024.png?resize=600%2C600&amp;ssl=1 600w, https:\/\/i0.wp.com\/coucoucake.com\/wp-content\/uploads\/2024\/12\/OTA-square-Dez-2024.png?resize=100%2C100&amp;ssl=1 100w\" sizes=\"auto, (max-width: 640px) 100vw, 640px\" \/><\/a><\/figure><div class=\"wp-block-media-text__content\">\n<h2 class=\"wp-block-heading\" id=\"ab-jetzt-kaufbar-mein-zweites-ebook-suss-gesund-weihnachtsedition\">Die Online Tortenakademie!<\/h2>\n\n\n\n<p class=\"wp-block-paragraph\"><strong>Lerne leckere und wundersch\u00f6ne Torten zu backen. <\/strong>Mit Grundlagen, Ressourcen, praktischen Anleitungen, Rezepten und dem Backwissen von Jessica Siemens aus 17 Jahren Backerfahrung, sodass du mit Sicherheit jede Torte backen kannst und jede Torte gelingen wird.<\/p>\n\n\n\n<div class=\"wp-block-buttons is-content-justification-center is-layout-flex wp-container-core-buttons-is-layout-fe48e5de wp-block-buttons-is-layout-flex\">\n<div class=\"wp-block-button\"><a class=\"wp-block-button__link wp-element-button\" href=\"https:\/\/coucoucake.com\/de\/online-tortenakademie\/\">jetzt mehr erfahren<\/a><\/div>\n<\/div>\n<\/div><\/div>\n\n\n\n<div class=\"wp-block-media-text alignwide is-stacked-on-mobile\"><figure class=\"wp-block-media-text__media\"><a href=\"https:\/\/coucoucake.com\/de\/traum-buttercreme\/\"><img data-recalc-dims=\"1\" loading=\"lazy\" decoding=\"async\" width=\"1024\" height=\"1024\" src=\"https:\/\/i0.wp.com\/coucoucake.com\/wp-content\/uploads\/2025\/07\/Traum-Buttercreme_Mini-Kurs_coucoucake_1.png?resize=1024%2C1024&#038;ssl=1\" alt=\"Traum-Buttercreme_Mini-Kurs_coucoucake_1\" class=\"wp-image-12846 size-full\" srcset=\"https:\/\/i0.wp.com\/coucoucake.com\/wp-content\/uploads\/2025\/07\/Traum-Buttercreme_Mini-Kurs_coucoucake_1.png?resize=1024%2C1024&amp;ssl=1 1024w, https:\/\/i0.wp.com\/coucoucake.com\/wp-content\/uploads\/2025\/07\/Traum-Buttercreme_Mini-Kurs_coucoucake_1.png?resize=300%2C300&amp;ssl=1 300w, https:\/\/i0.wp.com\/coucoucake.com\/wp-content\/uploads\/2025\/07\/Traum-Buttercreme_Mini-Kurs_coucoucake_1.png?resize=150%2C150&amp;ssl=1 150w, https:\/\/i0.wp.com\/coucoucake.com\/wp-content\/uploads\/2025\/07\/Traum-Buttercreme_Mini-Kurs_coucoucake_1.png?resize=768%2C768&amp;ssl=1 768w, https:\/\/i0.wp.com\/coucoucake.com\/wp-content\/uploads\/2025\/07\/Traum-Buttercreme_Mini-Kurs_coucoucake_1.png?resize=530%2C530&amp;ssl=1 530w, https:\/\/i0.wp.com\/coucoucake.com\/wp-content\/uploads\/2025\/07\/Traum-Buttercreme_Mini-Kurs_coucoucake_1.png?resize=1060%2C1060&amp;ssl=1 1060w, https:\/\/i0.wp.com\/coucoucake.com\/wp-content\/uploads\/2025\/07\/Traum-Buttercreme_Mini-Kurs_coucoucake_1.png?resize=750%2C750&amp;ssl=1 750w, https:\/\/i0.wp.com\/coucoucake.com\/wp-content\/uploads\/2025\/07\/Traum-Buttercreme_Mini-Kurs_coucoucake_1.png?resize=500%2C500&amp;ssl=1 500w, https:\/\/i0.wp.com\/coucoucake.com\/wp-content\/uploads\/2025\/07\/Traum-Buttercreme_Mini-Kurs_coucoucake_1.png?resize=600%2C600&amp;ssl=1 600w, https:\/\/i0.wp.com\/coucoucake.com\/wp-content\/uploads\/2025\/07\/Traum-Buttercreme_Mini-Kurs_coucoucake_1.png?resize=100%2C100&amp;ssl=1 100w, https:\/\/i0.wp.com\/coucoucake.com\/wp-content\/uploads\/2025\/07\/Traum-Buttercreme_Mini-Kurs_coucoucake_1.png?w=1080&amp;ssl=1 1080w\" sizes=\"auto, (max-width: 1000px) 100vw, 1000px\" \/><\/a><\/figure><div class=\"wp-block-media-text__content\">\n<h2 class=\"wp-block-heading\" id=\"ab-jetzt-kaufbar-mein-zweites-ebook-suss-gesund-weihnachtsedition\">Traum-Buttercreme Mini-Kurs<\/h2>\n\n\n\n<p class=\"wp-block-paragraph\">Die einzige Buttercreme, die du brauchst. Nie wieder Buttercreme, die zu s\u00fc\u00df, zu fettig oder zum Verzweifeln ist \u2013 entdecke das Geheimnis meiner Traum-Buttercreme, die wirklich jeden begeistert.<\/p>\n\n\n\n<div class=\"wp-block-buttons is-content-justification-center is-layout-flex wp-container-core-buttons-is-layout-fe48e5de wp-block-buttons-is-layout-flex\">\n<div class=\"wp-block-button\"><a class=\"wp-block-button__link wp-element-button\" href=\"https:\/\/coucoucake.com\/de\/traum-buttercreme\/\">jetzt mehr erfahren<\/a><\/div>\n<\/div>\n<\/div><\/div>\n\n\n\n<div class=\"wp-block-media-text alignwide is-stacked-on-mobile\"><figure class=\"wp-block-media-text__media\"><a href=\"https:\/\/coucoucake.com\/de\/shop\/tortenkamm-3er-set\/\"><img data-recalc-dims=\"1\" loading=\"lazy\" decoding=\"async\" width=\"945\" height=\"945\" src=\"https:\/\/i0.wp.com\/coucoucake.com\/wp-content\/uploads\/2024\/05\/Tortenkamm-3-er-Set-coucoucake-cover.png?resize=945%2C945&#038;ssl=1\" alt=\"Tortenkamm-3-er-Set-coucoucake-cover\" class=\"wp-image-11637 size-full\" srcset=\"https:\/\/i0.wp.com\/coucoucake.com\/wp-content\/uploads\/2024\/05\/Tortenkamm-3-er-Set-coucoucake-cover.png?w=945&amp;ssl=1 945w, https:\/\/i0.wp.com\/coucoucake.com\/wp-content\/uploads\/2024\/05\/Tortenkamm-3-er-Set-coucoucake-cover.png?resize=300%2C300&amp;ssl=1 300w, https:\/\/i0.wp.com\/coucoucake.com\/wp-content\/uploads\/2024\/05\/Tortenkamm-3-er-Set-coucoucake-cover.png?resize=150%2C150&amp;ssl=1 150w, https:\/\/i0.wp.com\/coucoucake.com\/wp-content\/uploads\/2024\/05\/Tortenkamm-3-er-Set-coucoucake-cover.png?resize=768%2C768&amp;ssl=1 768w, https:\/\/i0.wp.com\/coucoucake.com\/wp-content\/uploads\/2024\/05\/Tortenkamm-3-er-Set-coucoucake-cover.png?resize=530%2C530&amp;ssl=1 530w, https:\/\/i0.wp.com\/coucoucake.com\/wp-content\/uploads\/2024\/05\/Tortenkamm-3-er-Set-coucoucake-cover.png?resize=750%2C750&amp;ssl=1 750w, https:\/\/i0.wp.com\/coucoucake.com\/wp-content\/uploads\/2024\/05\/Tortenkamm-3-er-Set-coucoucake-cover.png?resize=500%2C500&amp;ssl=1 500w, https:\/\/i0.wp.com\/coucoucake.com\/wp-content\/uploads\/2024\/05\/Tortenkamm-3-er-Set-coucoucake-cover.png?resize=800%2C800&amp;ssl=1 800w, https:\/\/i0.wp.com\/coucoucake.com\/wp-content\/uploads\/2024\/05\/Tortenkamm-3-er-Set-coucoucake-cover.png?resize=600%2C600&amp;ssl=1 600w, https:\/\/i0.wp.com\/coucoucake.com\/wp-content\/uploads\/2024\/05\/Tortenkamm-3-er-Set-coucoucake-cover.png?resize=400%2C400&amp;ssl=1 400w, https:\/\/i0.wp.com\/coucoucake.com\/wp-content\/uploads\/2024\/05\/Tortenkamm-3-er-Set-coucoucake-cover.png?resize=200%2C200&amp;ssl=1 200w, https:\/\/i0.wp.com\/coucoucake.com\/wp-content\/uploads\/2024\/05\/Tortenkamm-3-er-Set-coucoucake-cover.png?resize=100%2C100&amp;ssl=1 100w\" sizes=\"auto, (max-width: 945px) 100vw, 945px\" \/><\/a><\/figure><div class=\"wp-block-media-text__content\">\n<h2 class=\"wp-block-heading\" id=\"ab-jetzt-kaufbar-mein-zweites-ebook-suss-gesund-weihnachtsedition\">Das allererste Backzubeh\u00f6r von coucoucake: das Tortenkamm 3-er Set!<\/h2>\n\n\n\n<p class=\"wp-block-paragraph\">Die Tortenk\u00e4mme von coucoucake helfen dir wundersch\u00f6ne Torten perfekt glatt in Buttercreme einzustreichen, mit einer hochwertigen Edelstahlfl\u00e4che, welche erhitzbar ist, und einem ergonomischen Griff f\u00fcr optimalen Halt, damit deine Torte ein Meisterwerk wird.<\/p>\n\n\n\n<div class=\"wp-block-buttons is-content-justification-center is-layout-flex wp-container-core-buttons-is-layout-fe48e5de wp-block-buttons-is-layout-flex\">\n<div class=\"wp-block-button\"><a class=\"wp-block-button__link wp-element-button\" href=\"https:\/\/coucoucake.com\/de\/tortenkamm-set\/\">Jetzt kaufen f\u00fcr 69\u20ac<\/a><\/div>\n<\/div>\n<\/div><\/div>\n\n\n\n<div class=\"wp-block-media-text alignwide is-stacked-on-mobile\"><figure class=\"wp-block-media-text__media\"><a href=\"https:\/\/coucoucake.com\/de\/backutensilien-guide\/\"><img data-recalc-dims=\"1\" loading=\"lazy\" decoding=\"async\" width=\"1024\" height=\"1024\" src=\"https:\/\/i0.wp.com\/coucoucake.com\/wp-content\/uploads\/2024\/09\/Backutensilien-Guide-visuals-coucoucake-Jessica-Siemens4.png?resize=1024%2C1024&#038;ssl=1\" alt=\"Backutensilien-Guide-visuals-coucoucake-Jessica-Siemens\" class=\"wp-image-11947 size-full\" srcset=\"https:\/\/i0.wp.com\/coucoucake.com\/wp-content\/uploads\/2024\/09\/Backutensilien-Guide-visuals-coucoucake-Jessica-Siemens4.png?resize=1024%2C1024&amp;ssl=1 1024w, https:\/\/i0.wp.com\/coucoucake.com\/wp-content\/uploads\/2024\/09\/Backutensilien-Guide-visuals-coucoucake-Jessica-Siemens4.png?resize=300%2C300&amp;ssl=1 300w, https:\/\/i0.wp.com\/coucoucake.com\/wp-content\/uploads\/2024\/09\/Backutensilien-Guide-visuals-coucoucake-Jessica-Siemens4.png?resize=150%2C150&amp;ssl=1 150w, https:\/\/i0.wp.com\/coucoucake.com\/wp-content\/uploads\/2024\/09\/Backutensilien-Guide-visuals-coucoucake-Jessica-Siemens4.png?resize=768%2C768&amp;ssl=1 768w, https:\/\/i0.wp.com\/coucoucake.com\/wp-content\/uploads\/2024\/09\/Backutensilien-Guide-visuals-coucoucake-Jessica-Siemens4.png?resize=530%2C530&amp;ssl=1 530w, https:\/\/i0.wp.com\/coucoucake.com\/wp-content\/uploads\/2024\/09\/Backutensilien-Guide-visuals-coucoucake-Jessica-Siemens4.png?resize=1060%2C1060&amp;ssl=1 1060w, https:\/\/i0.wp.com\/coucoucake.com\/wp-content\/uploads\/2024\/09\/Backutensilien-Guide-visuals-coucoucake-Jessica-Siemens4.png?resize=750%2C750&amp;ssl=1 750w, https:\/\/i0.wp.com\/coucoucake.com\/wp-content\/uploads\/2024\/09\/Backutensilien-Guide-visuals-coucoucake-Jessica-Siemens4.png?resize=500%2C500&amp;ssl=1 500w, https:\/\/i0.wp.com\/coucoucake.com\/wp-content\/uploads\/2024\/09\/Backutensilien-Guide-visuals-coucoucake-Jessica-Siemens4.png?resize=600%2C600&amp;ssl=1 600w, https:\/\/i0.wp.com\/coucoucake.com\/wp-content\/uploads\/2024\/09\/Backutensilien-Guide-visuals-coucoucake-Jessica-Siemens4.png?resize=100%2C100&amp;ssl=1 100w, https:\/\/i0.wp.com\/coucoucake.com\/wp-content\/uploads\/2024\/09\/Backutensilien-Guide-visuals-coucoucake-Jessica-Siemens4.png?w=1080&amp;ssl=1 1080w\" sizes=\"auto, (max-width: 1000px) 100vw, 1000px\" \/><\/a><\/figure><div class=\"wp-block-media-text__content\">\n<h2 class=\"wp-block-heading\" id=\"ab-jetzt-kaufbar-mein-zweites-ebook-suss-gesund-weihnachtsedition\">Backutensilien Guide<\/h2>\n\n\n\n<p class=\"wp-block-paragraph\">Die&nbsp;<strong>besten Backutensilien<\/strong>&nbsp;f\u00fcr perfekte Torten \u2013 Dein Guide f\u00fcr bessere Back-Ergebnisse!&nbsp;Hol dir jetzt die besten und getesteten Backutensilien aus 16 Jahren Backerfahrung, um deine Torten perfekt hinzubekommen. Mit \u00fcber 80 Links zu exklusiven Empfehlungen!<\/p>\n\n\n\n<div class=\"wp-block-buttons is-content-justification-center is-layout-flex wp-container-core-buttons-is-layout-fe48e5de wp-block-buttons-is-layout-flex\">\n<div class=\"wp-block-button\"><a class=\"wp-block-button__link wp-element-button\" href=\"https:\/\/coucoucake.com\/de\/backutensilien-guide\/\">jetzt KAUFEN F\u00dcR 12,99\u20ac<\/a><\/div>\n<\/div>\n<\/div><\/div>\n","protected":false},"excerpt":{"rendered":"<p>Willkommen bei coucoucake! Ich helfe leidenschaftlichen B\u00e4cker:innen besondere und leckere Torten zu backen, mit meinen Rezepten und meiner Online Tortenakademie, in denen ich Grundlagen, praktische Anleitungen und Methoden f\u00fcr nachhaltiges Backwissen vermittle, damit jede Torte gelingt!<\/p>\n","protected":false},"author":182687598,"featured_media":1451,"parent":0,"menu_order":0,"comment_status":"closed","ping_status":"closed","template":"home.php","meta":{"_crdt_document":"","footnotes":""},"class_list":["post-1521","page","type-page","status-publish","has-post-thumbnail","hentry"],"jetpack_shortlink":"https:\/\/wp.me\/PbPu5Y-ox","jetpack_sharing_enabled":true,"_links":{"self":[{"href":"https:\/\/coucoucake.com\/de\/wp-json\/wp\/v2\/pages\/1521","targetHints":{"allow":["GET"]}}],"collection":[{"href":"https:\/\/coucoucake.com\/de\/wp-json\/wp\/v2\/pages"}],"about":[{"href":"https:\/\/coucoucake.com\/de\/wp-json\/wp\/v2\/types\/page"}],"author":[{"embeddable":true,"href":"https:\/\/coucoucake.com\/de\/wp-json\/wp\/v2\/users\/182687598"}],"replies":[{"embeddable":true,"href":"https:\/\/coucoucake.com\/de\/wp-json\/wp\/v2\/comments?post=1521"}],"version-history":[{"count":70,"href":"https:\/\/coucoucake.com\/de\/wp-json\/wp\/v2\/pages\/1521\/revisions"}],"predecessor-version":[{"id":12853,"href":"https:\/\/coucoucake.com\/de\/wp-json\/wp\/v2\/pages\/1521\/revisions\/12853"}],"wp:featuredmedia":[{"embeddable":true,"href":"https:\/\/coucoucake.com\/de\/wp-json\/wp\/v2\/media\/1451"}],"wp:attachment":[{"href":"https:\/\/coucoucake.com\/de\/wp-json\/wp\/v2\/media?parent=1521"}],"curies":[{"name":"wp","href":"https:\/\/api.w.org\/{rel}","templated":true}]}}