{"id":11082,"date":"2023-10-24T17:51:13","date_gmt":"2023-10-24T15:51:13","guid":{"rendered":"https:\/\/coucoucake.com\/?post_type=product&#038;p=11082"},"modified":"2025-01-03T08:47:47","modified_gmt":"2025-01-03T07:47:47","slug":"gutschein-200","status":"publish","type":"product","link":"https:\/\/coucoucake.com\/de\/shop\/gutschein-200\/","title":{"rendered":"200\u20ac Gutschein f\u00fcr die Online Tortenakademie"},"content":{"rendered":"<h1>Die Online Tortenakademie ist der Onlinekurs \u00fcber Torten backen. Mit den besten Rezepten und den sch\u00f6nsten Tortenstilen.<\/h1>\n<p>Lerne leckere und wundersch\u00f6ne Torten backen. Der Tortenkurs mit Grundlagen, Ressourcen, praktischen Anleitungen, Rezepten und dem Backwissen von Jessica Siemens aus 15 Jahren Backerfahrung, sodass du mit Sicherheit besser Torten backen kannst.<\/p>\n<p>Verschenke Freude mit diesem Gutschein f\u00fcr die Online Tortenakademie und helfe einer Person besser Torten zu backen.<\/p>\n<p>Das ist ein 200\u20ac Gutschein f\u00fcr die Online Tortenakademie. Der Gutschein wird nach Kauf per Email versendet.<\/p>\n<p><span class=\"OYPEnA text-decoration-none text-strikethrough-none\">Einl\u00f6sbar f\u00fcr die Einmalzahlung der Online Tortenakademie auf <\/span><a class=\"OYPEnA text-decoration-none text-strikethrough-none\" draggable=\"false\" href=\"http:\/\/coucoucake.com\/\" target=\"_blank\" rel=\"noopener\">coucoucake.com<\/a><span class=\"OYPEnA text-decoration-none text-strikethrough-none\">. Der Gutschein ist nicht \u00fcbertragbar und kann nur einmalig eingel\u00f6st werden. Eine Barauszahlung ist nicht m\u00f6glich. Der Gutschein ist einen Monat ab Erhalt g\u00fcltig. Es gelten die AGB von coucoucake.<\/span><\/p>\n","protected":false},"excerpt":{"rendered":"<p>Das ist ein 200\u20ac Gutschein f\u00fcr die Online Tortenakademie. Der Gutschein wird nach Kauf per Email versendet.<\/p>\n","protected":false},"featured_media":11083,"comment_status":"open","ping_status":"closed","template":"","meta":{"_crdt_document":"","jetpack_publicize_message":"","jetpack_publicize_feature_enabled":true,"jetpack_social_post_already_shared":true,"jetpack_social_options":{"image_generator_settings":{"template":"highway","default_image_id":0,"font":"","enabled":false},"version":2},"_wpas_customize_per_network":false},"product_brand":[],"product_cat":[2888],"product_tag":[],"class_list":{"0":"post-11082","1":"product","2":"type-product","3":"status-publish","4":"has-post-thumbnail","6":"product_cat-gutscheine","8":"first","9":"instock","10":"downloadable","11":"virtual","12":"taxable","13":"purchasable","14":"product-type-simple"},"jetpack_publicize_connections":[],"jetpack_sharing_enabled":true,"_links":{"self":[{"href":"https:\/\/coucoucake.com\/de\/wp-json\/wp\/v2\/product\/11082","targetHints":{"allow":["GET"]}}],"collection":[{"href":"https:\/\/coucoucake.com\/de\/wp-json\/wp\/v2\/product"}],"about":[{"href":"https:\/\/coucoucake.com\/de\/wp-json\/wp\/v2\/types\/product"}],"replies":[{"embeddable":true,"href":"https:\/\/coucoucake.com\/de\/wp-json\/wp\/v2\/comments?post=11082"}],"wp:featuredmedia":[{"embeddable":true,"href":"https:\/\/coucoucake.com\/de\/wp-json\/wp\/v2\/media\/11083"}],"wp:attachment":[{"href":"https:\/\/coucoucake.com\/de\/wp-json\/wp\/v2\/media?parent=11082"}],"wp:term":[{"taxonomy":"product_brand","embeddable":true,"href":"https:\/\/coucoucake.com\/de\/wp-json\/wp\/v2\/product_brand?post=11082"},{"taxonomy":"product_cat","embeddable":true,"href":"https:\/\/coucoucake.com\/de\/wp-json\/wp\/v2\/product_cat?post=11082"},{"taxonomy":"product_tag","embeddable":true,"href":"https:\/\/coucoucake.com\/de\/wp-json\/wp\/v2\/product_tag?post=11082"}],"curies":[{"name":"wp","href":"https:\/\/api.w.org\/{rel}","templated":true}]}}