{"id":4247,"date":"2021-11-05T09:59:06","date_gmt":"2021-11-05T08:59:06","guid":{"rendered":"https:\/\/coucoucake.com\/?post_type=product&#038;p=4247"},"modified":"2023-05-08T23:19:08","modified_gmt":"2023-05-08T21:19:08","slug":"ebook-suess-gesund-weihnachtsedition","status":"publish","type":"product","link":"https:\/\/coucoucake.com\/de\/shop\/ebook-suess-gesund-weihnachtsedition\/","title":{"rendered":"Ebook DEUTSCH: S\u00fc\u00df &#038; Gesund &#8211; Weihnachtsedition"},"content":{"rendered":"<h5><span class=\"JsGRdQ\">Gesunde und s\u00fc\u00dfe Leckereien ganz einfach gemacht f\u00fcr die Weihnachtszeit!<\/span><\/h5>\n<p class=\"_04xlpA direction-ltr align-start para-style-body\"><span class=\"JsGRdQ\">Ich habe ich ein gro\u00dfes Interesse an s\u00fc\u00dfen und gesunden Rezepten. Zu einer ausgewogenen Ern\u00e4hrung geh\u00f6ren f\u00fcr mich auch s\u00fc\u00dfe Leckereien<\/span><span class=\"JsGRdQ\">. <\/span><span class=\"JsGRdQ\">Somit habe ich angefangen meine besten s\u00fc\u00dfen und nahrhaften Rezepte in meinem Ebook <\/span><a class=\"JsGRdQ\" draggable=\"false\" href=\"https:\/\/coucoucake.com\/de\/recipes\/gesunde-susse-rezepte\/\" target=\"_blank\" rel=\"noopener\">&#8216;S\u00fc\u00df &amp; Gesund &#8211; 25 Rezepte f\u00fcr jeden Tag&#8217;<\/a> <span class=\"JsGRdQ\">zu sammeln, welches ich im August 2021 ver\u00f6ffentlicht habe. <\/span><\/p>\n<p class=\"_04xlpA direction-ltr align-start para-style-body\"><span class=\"JsGRdQ\">Nachfolgend habe ich diese Weihnachtsedition entwickelt, da es zur Weihnachtszeit eine besondere Auswahl an Leckereien gibt, die aber alle leider nicht so nahrhaft sind. Damit du weiterhin genie\u00dfen und dich gleichzeitig gesund ern\u00e4hren kannst, habe ich hier einige klassische Rezepte und ein paar moderne Rezepte gesund umgewandelt die unglaublich lecker sind!<\/span><\/p>\n<p>Lass dich von diesem Buch inspirieren und \u00fcberzeugen, dass s\u00fc\u00dfe Leckereien gesund und super schmackhaft sein k\u00f6nnen! Dieses E-Book enth\u00e4lt 5 s\u00fc\u00dfe und gesunde Weihnachtsrezepte, die<br \/>\n&#8211; gesund<br \/>\n&#8211; zuckerfrei<br \/>\n&#8211; meistens vegan<br \/>\n&#8211; mit wenigen Zutaten hergestellt<br \/>\n&#8211; und super einfach &amp; schnell gemacht sind!<\/p>\n<p>ACHTUNG: nach dem Zahlungsprozess die Seite erneut laden, dann wird das Ebook zum herunterladen angezeigt. Viel Spa\u00df beim Nachmachen! Schicke gerne Fotos an @coucouhealthysweets auf Instagram.<\/p>\n","protected":false},"excerpt":{"rendered":"<h5><span class=\"JsGRdQ\">Gesunde und s\u00fc\u00dfe Leckereien f\u00fcr die Weihnachtszeit!\u00a0<\/span>Lass dich von diesem Buch inspirieren, dass s\u00fc\u00dfe Leckereien gesund und schmackhaft sein k\u00f6nnen!<\/h5>\n","protected":false},"featured_media":9460,"comment_status":"open","ping_status":"closed","template":"","meta":{"_crdt_document":"","jetpack_publicize_message":"","jetpack_publicize_feature_enabled":true,"jetpack_social_post_already_shared":true,"jetpack_social_options":{"image_generator_settings":{"template":"highway","default_image_id":0,"font":"","enabled":false},"version":2},"_wpas_customize_per_network":false},"product_brand":[],"product_cat":[2356],"product_tag":[2704,2319,2318,2321,2317,2320],"class_list":{"0":"post-4247","1":"product","2":"type-product","3":"status-publish","4":"has-post-thumbnail","6":"product_cat-ebooks-de","7":"product_tag-ebook-3","8":"product_tag-gesunde-rezepte-de","9":"product_tag-gesundes-backen-de","10":"product_tag-vegane-rezepte-de","11":"product_tag-weihnachtsrezepte","12":"product_tag-zuckerfreie-rezepte-de","14":"first","15":"instock","16":"downloadable","17":"virtual","18":"taxable","19":"purchasable","20":"product-type-simple"},"jetpack_publicize_connections":[],"jetpack_sharing_enabled":true,"_links":{"self":[{"href":"https:\/\/coucoucake.com\/de\/wp-json\/wp\/v2\/product\/4247","targetHints":{"allow":["GET"]}}],"collection":[{"href":"https:\/\/coucoucake.com\/de\/wp-json\/wp\/v2\/product"}],"about":[{"href":"https:\/\/coucoucake.com\/de\/wp-json\/wp\/v2\/types\/product"}],"replies":[{"embeddable":true,"href":"https:\/\/coucoucake.com\/de\/wp-json\/wp\/v2\/comments?post=4247"}],"wp:featuredmedia":[{"embeddable":true,"href":"https:\/\/coucoucake.com\/de\/wp-json\/wp\/v2\/media\/9460"}],"wp:attachment":[{"href":"https:\/\/coucoucake.com\/de\/wp-json\/wp\/v2\/media?parent=4247"}],"wp:term":[{"taxonomy":"product_brand","embeddable":true,"href":"https:\/\/coucoucake.com\/de\/wp-json\/wp\/v2\/product_brand?post=4247"},{"taxonomy":"product_cat","embeddable":true,"href":"https:\/\/coucoucake.com\/de\/wp-json\/wp\/v2\/product_cat?post=4247"},{"taxonomy":"product_tag","embeddable":true,"href":"https:\/\/coucoucake.com\/de\/wp-json\/wp\/v2\/product_tag?post=4247"}],"curies":[{"name":"wp","href":"https:\/\/api.w.org\/{rel}","templated":true}]}}